{"id":12088,"date":"2021-11-18T10:38:05","date_gmt":"2021-11-18T10:38:05","guid":{"rendered":"https:\/\/www.petsanbentonit.com\/iletisim\/"},"modified":"2025-11-11T15:26:22","modified_gmt":"2025-11-11T15:26:22","slug":"contact-us","status":"publish","type":"page","link":"https:\/\/www.petsanbentonit.com\/en\/contact-us\/","title":{"rendered":"Contact us"},"content":{"rendered":"\t\t<div data-elementor-type=\"wp-page\" data-elementor-id=\"12088\" class=\"elementor elementor-12088 elementor-4635\" data-elementor-post-type=\"page\">\n\t\t\t\t\t\t<section class=\"elementor-section elementor-top-section elementor-element elementor-element-e0e04cc elementor-section-boxed elementor-section-height-default elementor-section-height-default rt-parallax-bg-no\" data-id=\"e0e04cc\" data-element_type=\"section\" data-e-type=\"section\">\n\t\t\t\t\t\t<div class=\"elementor-container elementor-column-gap-default\">\n\t\t\t\t\t<div class=\"elementor-column elementor-col-100 elementor-top-column elementor-element elementor-element-1873f8c\" data-id=\"1873f8c\" data-element_type=\"column\" data-e-type=\"column\">\n\t\t\t<div class=\"elementor-widget-wrap elementor-element-populated\">\n\t\t\t\t\t\t<section class=\"elementor-section elementor-inner-section elementor-element elementor-element-e97e222 elementor-section-boxed elementor-section-height-default elementor-section-height-default rt-parallax-bg-no\" data-id=\"e97e222\" data-element_type=\"section\" data-e-type=\"section\">\n\t\t\t\t\t\t<div class=\"elementor-container elementor-column-gap-default\">\n\t\t\t\t\t<div class=\"elementor-column elementor-col-33 elementor-inner-column elementor-element elementor-element-7cef8b1\" data-id=\"7cef8b1\" data-element_type=\"column\" data-e-type=\"column\">\n\t\t\t<div class=\"elementor-widget-wrap elementor-element-populated\">\n\t\t\t\t\t\t<div class=\"elementor-element elementor-element-9c2e143 elementor-widget elementor-widget-rt-info\" data-id=\"9c2e143\" data-element_type=\"widget\" data-e-type=\"widget\" data-widget_type=\"rt-info.default\">\n\t\t\t\t<div class=\"elementor-widget-container\">\n\t\t\t\t\t<div class=\"contact-info-default info-style2\">\r\n\t<div class=\"contact-info\">\r\n\t\t<div class=\"contact-icon\">\r\n\t\t\t\t\t\t\t<span class=\"rtin-icon\"><i class=\"fas fa-envelope\"><\/i><\/span>\r\n\t\t\t\t\t<\/div>\r\n\t\t\t\t\t<h2 class=\"contact-title\">Email <\/h2>\r\n\t\t\t\t  \r\n\t\t\t\t\t\t\t\t\t\t\t<div class=\"list-item\">\r\n\t\t\t\t\t\t\t\t\t\t<div class=\"list-content\">\r\n\t\t\t\t\t\t<span>\r\n\t\t\t\t\t\t\t\t\t\t\t\t\t\t\t<a href=\"mailto:info@petsanbentonit.com\">\r\n\t\t\t\t\t\t\t\t\tinfo@petsanbentonit.com\t\t\t\t\t\t\t\t<\/a>\r\n\t\t\t\t\t\t\t\r\n\t\t\t\t\t\t\t\t\t\t\t\t\t<\/span>\r\n\t\t\t\t\t<\/div>\r\n\t\t\t\t\t\t\t\t\t<\/div>\r\n\t\t\t\t\t\t<\/div>\r\n<\/div>\t\t\t\t<\/div>\n\t\t\t\t<\/div>\n\t\t\t\t\t<\/div>\n\t\t<\/div>\n\t\t\t\t<div class=\"elementor-column elementor-col-33 elementor-inner-column elementor-element elementor-element-fa151d6\" data-id=\"fa151d6\" data-element_type=\"column\" data-e-type=\"column\">\n\t\t\t<div class=\"elementor-widget-wrap elementor-element-populated\">\n\t\t\t\t\t\t<div class=\"elementor-element elementor-element-9a83eb6 elementor-widget elementor-widget-rt-info\" data-id=\"9a83eb6\" data-element_type=\"widget\" data-e-type=\"widget\" data-widget_type=\"rt-info.default\">\n\t\t\t\t<div class=\"elementor-widget-container\">\n\t\t\t\t\t<div class=\"contact-info-default info-style2\">\r\n\t<div class=\"contact-info\">\r\n\t\t<div class=\"contact-icon\">\r\n\t\t\t\t\t\t\t<span class=\"rtin-icon\"><i class=\"fas fa-phone-alt\"><\/i><\/span>\r\n\t\t\t\t\t<\/div>\r\n\t\t\t\t\t<h2 class=\"contact-title\">Call Centre<\/h2>\r\n\t\t\t\t  \r\n\t\t\t\t\t\t\t\t\t\t\t<div class=\"list-item\">\r\n\t\t\t\t\t\t\t\t\t\t<div class=\"list-content\">\r\n\t\t\t\t\t\t<span>\r\n\t\t\t\t\t\t\t\t\t\t\t\t\t\t\t<a href=\"tel:+90 452 423 76 66\">\r\n\t\t\t\t\t\t\t\t\t+90 452 423 76 66\t\t\t\t\t\t\t\t<\/a>\r\n\t\t\t\t\t\t\t\r\n\t\t\t\t\t\t\t\t\t\t\t\t\t<\/span>\r\n\t\t\t\t\t<\/div>\r\n\t\t\t\t\t\t\t\t\t<\/div>\r\n\t\t\t\t\t\t\t\t\t\t\t<div class=\"list-item\">\r\n\t\t\t\t\t\t\t\t\t<\/div>\r\n\t\t\t\t\t\t<\/div>\r\n<\/div>\t\t\t\t<\/div>\n\t\t\t\t<\/div>\n\t\t\t\t\t<\/div>\n\t\t<\/div>\n\t\t\t\t<div class=\"elementor-column elementor-col-33 elementor-inner-column elementor-element elementor-element-9099929\" data-id=\"9099929\" data-element_type=\"column\" data-e-type=\"column\">\n\t\t\t<div class=\"elementor-widget-wrap elementor-element-populated\">\n\t\t\t\t\t\t<div class=\"elementor-element elementor-element-e4a9d66 elementor-widget elementor-widget-rt-info\" data-id=\"e4a9d66\" data-element_type=\"widget\" data-e-type=\"widget\" data-widget_type=\"rt-info.default\">\n\t\t\t\t<div class=\"elementor-widget-container\">\n\t\t\t\t\t<div class=\"contact-info-default info-style2\">\r\n\t<div class=\"contact-info\">\r\n\t\t<div class=\"contact-icon\">\r\n\t\t\t\t\t\t\t<span class=\"rtin-icon\"><i class=\"fas fa-map\"><\/i><\/span>\r\n\t\t\t\t\t<\/div>\r\n\t\t\t\t\t<h2 class=\"contact-title\">Address<\/h2>\r\n\t\t\t\t  \r\n\t\t\t\t\t\t\t\t\t\t\t<div class=\"list-item\">\r\n\t\t\t\t\t\t\t\t\t\t<div class=\"list-content\">\r\n\t\t\t\t\t\t<span>\r\n\t\t\t\t\t\t\t\t\t\t\t\t\t\t\tFatsa OSB Mh. 109. Sk. No:3\/1 - 52400 Fatsa \/ Ordu \/ T\u00fcrkiye\t\t\t\t\t\t\t\t\t\t\t\t\t<\/span>\r\n\t\t\t\t\t<\/div>\r\n\t\t\t\t\t\t\t\t\t<\/div>\r\n\t\t\t\t\t\t<\/div>\r\n<\/div>\t\t\t\t<\/div>\n\t\t\t\t<\/div>\n\t\t\t\t\t<\/div>\n\t\t<\/div>\n\t\t\t\t\t<\/div>\n\t\t<\/section>\n\t\t\t\t\t<\/div>\n\t\t<\/div>\n\t\t\t\t\t<\/div>\n\t\t<\/section>\n\t\t\t\t<section class=\"elementor-section elementor-top-section elementor-element elementor-element-40c9542 elementor-section-stretched elementor-section-boxed elementor-section-height-default elementor-section-height-default rt-parallax-bg-no\" data-id=\"40c9542\" data-element_type=\"section\" data-e-type=\"section\" data-settings=\"{&quot;stretch_section&quot;:&quot;section-stretched&quot;}\">\n\t\t\t\t\t\t<div class=\"elementor-container elementor-column-gap-default\">\n\t\t\t\t\t<div class=\"elementor-column elementor-col-100 elementor-top-column elementor-element elementor-element-88e2a15\" data-id=\"88e2a15\" data-element_type=\"column\" data-e-type=\"column\">\n\t\t\t<div class=\"elementor-widget-wrap elementor-element-populated\">\n\t\t\t\t\t\t<div class=\"elementor-element elementor-element-257aa59 elementor-widget elementor-widget-enteraddons-data-table\" data-id=\"257aa59\" data-element_type=\"widget\" data-e-type=\"widget\" data-widget_type=\"enteraddons-data-table.default\">\n\t\t\t\t<div class=\"elementor-widget-container\">\n\t\t\t\t\t                <div class=\"ea-table-wrapper\">\r\n                    <table>\r\n                        <thead>\r\n                            <tr>\r\n                                <th><div class='ea-heading-content'>Department<\/div><\/th><th><div class='ea-heading-content'>First Name and Surname<\/div><\/th><th><div class='ea-heading-content'>Email<\/div><\/th><th><div class='ea-heading-content'>Corporate Mail<\/div><\/th><th><div class='ea-heading-content'>Phone<\/div><\/th>                            <\/tr>\r\n                        <\/thead>\r\n                        <tbody>\r\n                            <tr><td><div class='ea-td-content'>Domestic Sales Manager<\/div><\/td><td><div class='ea-td-content'>Adil KARAMUSTAFA<\/div><\/td><td><div class='ea-td-content'>adil@petsanbentonit.com<\/div><\/td><td><div class='ea-td-content'>info@petsanbentonit.com<\/div><\/td><td><div class='ea-td-content'><a href=\"https:\/\/wa.me\/905379583412\" class=\"btn btn-custom-reverse\" target=\"_blank\" rel=\"noopener\">WhatsApp<\/a><\/div><\/td><\/tr><td><div class='ea-td-content'>International Sales Manager<\/div><\/td><td><div class='ea-td-content'>Zekiye KAYI\u015eO\u011eLU<\/div><\/td><td><div class='ea-td-content'>z.kayisoglu@petsanbentonit.com<\/div><\/td><td><div class='ea-td-content'>info@petsanbentonit.com<\/div><\/td><td><div class='ea-td-content'><a href=\"https:\/\/wa.me\/905379583412\" class=\"btn btn-custom-reverse\" target=\"_blank\" rel=\"noopener\">WhatsApp<\/a><\/div><\/td><\/tr><td><div class='ea-td-content'>International Sales Manager<\/div><\/td><td><div class='ea-td-content'>Y\u0131lmaz SARIHAN<\/div><\/td><td><div class='ea-td-content'>yilmaz@petsanbentonit.com<\/div><\/td><td><div class='ea-td-content'>info@petsanbentonit.com<\/div><\/td><td><div class='ea-td-content'><a href=\"https:\/\/wa.me\/905379583412\" class=\"btn btn-custom-reverse\" target=\"_blank\" rel=\"noopener\">WhatsApp<\/a><\/div><\/td><\/tr><td><div class='ea-td-content'>International Sales Manager<\/div><\/td><td><div class='ea-td-content'>Nida H\u00dcLAG\u00dc<\/div><\/td><td><div class='ea-td-content'>nida@petsanbentonit.com<\/div><\/td><td><div class='ea-td-content'>info@petsanbentonit.com<\/div><\/td><td><div class='ea-td-content'><a href=\"https:\/\/wa.me\/905414821902\" class=\"btn btn-custom-reverse\" target=\"_blank\" rel=\"noopener\">WhatsApp<\/a><\/div><\/td><\/tr><td><div class='ea-td-content'>Domestic Sales Manager<\/div><\/td><td><div class='ea-td-content'>Deniz EK\u0130Z<\/div><\/td><td><div class='ea-td-content'>deniz@petsanbentonit.com<\/div><\/td><td><div class='ea-td-content'>info@petsanbentonit.com<\/div><\/td><td><div class='ea-td-content'><a href=\"https:\/\/wa.me\/905302430077\" class=\"btn btn-custom-reverse\" target=\"_blank\" rel=\"noopener\">WhatsApp<\/a><\/div><\/td>                        <\/tbody>\r\n                    <\/table>\r\n                <\/div>\r\n            \t\t\t\t<\/div>\n\t\t\t\t<\/div>\n\t\t\t\t<div class=\"elementor-element elementor-element-fc8e06b elementor-widget elementor-widget-spacer\" data-id=\"fc8e06b\" data-element_type=\"widget\" data-e-type=\"widget\" data-widget_type=\"spacer.default\">\n\t\t\t\t<div class=\"elementor-widget-container\">\n\t\t\t\t\t\t\t<div class=\"elementor-spacer\">\n\t\t\t<div class=\"elementor-spacer-inner\"><\/div>\n\t\t<\/div>\n\t\t\t\t\t\t<\/div>\n\t\t\t\t<\/div>\n\t\t\t\t\t<\/div>\n\t\t<\/div>\n\t\t\t\t\t<\/div>\n\t\t<\/section>\n\t\t\t\t<section class=\"elementor-section elementor-top-section elementor-element elementor-element-f9d7b78 contact-page elementor-section-boxed elementor-section-height-default elementor-section-height-default rt-parallax-bg-no\" data-id=\"f9d7b78\" data-element_type=\"section\" data-e-type=\"section\">\n\t\t\t\t\t\t<div class=\"elementor-container elementor-column-gap-default\">\n\t\t\t\t\t<div class=\"elementor-column elementor-col-100 elementor-top-column elementor-element elementor-element-be83191\" data-id=\"be83191\" data-element_type=\"column\" data-e-type=\"column\">\n\t\t\t<div class=\"elementor-widget-wrap elementor-element-populated\">\n\t\t\t\t\t\t<section class=\"elementor-section elementor-inner-section elementor-element elementor-element-2c7ac6d elementor-section-boxed elementor-section-height-default elementor-section-height-default rt-parallax-bg-no\" data-id=\"2c7ac6d\" data-element_type=\"section\" data-e-type=\"section\">\n\t\t\t\t\t\t<div class=\"elementor-container elementor-column-gap-default\">\n\t\t\t\t\t<div class=\"elementor-column elementor-col-50 elementor-inner-column elementor-element elementor-element-6e15f3f\" data-id=\"6e15f3f\" data-element_type=\"column\" data-e-type=\"column\">\n\t\t\t<div class=\"elementor-widget-wrap elementor-element-populated\">\n\t\t\t\t\t\t<div class=\"elementor-element elementor-element-539ed3a elementor-widget elementor-widget-heading\" data-id=\"539ed3a\" data-element_type=\"widget\" data-e-type=\"widget\" data-widget_type=\"heading.default\">\n\t\t\t\t<div class=\"elementor-widget-container\">\n\t\t\t\t\t<h2 class=\"elementor-heading-title elementor-size-default\">Our Group Centre<\/h2>\t\t\t\t<\/div>\n\t\t\t\t<\/div>\n\t\t\t\t<div class=\"elementor-element elementor-element-d1d7503 elementor-widget elementor-widget-text-editor\" data-id=\"d1d7503\" data-element_type=\"widget\" data-e-type=\"widget\" data-widget_type=\"text-editor.default\">\n\t\t\t\t<div class=\"elementor-widget-container\">\n\t\t\t\t\t\t\t\t\t<p>Seyitnizam, Mevlana Cd. 73\/A D:5, 34015 Zeytinburnu\/\u0130stanbul<\/p>\t\t\t\t\t\t\t\t<\/div>\n\t\t\t\t<\/div>\n\t\t\t\t<div class=\"elementor-element elementor-element-bf93633 elementor-widget elementor-widget-google_maps\" data-id=\"bf93633\" data-element_type=\"widget\" data-e-type=\"widget\" data-widget_type=\"google_maps.default\">\n\t\t\t\t<div class=\"elementor-widget-container\">\n\t\t\t\t\t\t\t<div class=\"elementor-custom-embed\">\n\t\t\t<iframe loading=\"lazy\"\n\t\t\t\t\tsrc=\"https:\/\/maps.google.com\/maps?q=Seyitnizam%2C%20Mevlana%20Cd.%2073%2FA%20D%3A5%2C%2034015%20Zeytinburnu%2F%C4%B0stanbul&#038;t=m&#038;z=14&#038;output=embed&#038;iwloc=near\"\n\t\t\t\t\ttitle=\"Seyitnizam, Mevlana Cd. 73\/A D:5, 34015 Zeytinburnu\/\u0130stanbul\"\n\t\t\t\t\taria-label=\"Seyitnizam, Mevlana Cd. 73\/A D:5, 34015 Zeytinburnu\/\u0130stanbul\"\n\t\t\t><\/iframe>\n\t\t<\/div>\n\t\t\t\t\t\t<\/div>\n\t\t\t\t<\/div>\n\t\t\t\t\t<\/div>\n\t\t<\/div>\n\t\t\t\t<div class=\"elementor-column elementor-col-50 elementor-inner-column elementor-element elementor-element-4a3a441\" data-id=\"4a3a441\" data-element_type=\"column\" data-e-type=\"column\">\n\t\t\t<div class=\"elementor-widget-wrap elementor-element-populated\">\n\t\t\t\t\t\t<div class=\"elementor-element elementor-element-3fb2675 elementor-widget__width-auto elementor-absolute elementor-hidden-mobile elementor-widget elementor-widget-image\" data-id=\"3fb2675\" data-element_type=\"widget\" data-e-type=\"widget\" data-settings=\"{&quot;_position&quot;:&quot;absolute&quot;}\" data-widget_type=\"image.default\">\n\t\t\t\t<div class=\"elementor-widget-container\">\n\t\t\t\t\t\t\t\t\t\t\t\t\t\t\t<img fetchpriority=\"high\" decoding=\"async\" width=\"266\" height=\"214\" src=\"https:\/\/www.petsanbentonit.com\/wp-content\/uploads\/2021\/11\/figure94.png\" class=\"attachment-full size-full wp-image-12089\" alt=\"\" \/>\t\t\t\t\t\t\t\t\t\t\t\t\t\t\t<\/div>\n\t\t\t\t<\/div>\n\t\t\t\t<div class=\"elementor-element elementor-element-a6a6368 elementor-widget elementor-widget-heading\" data-id=\"a6a6368\" data-element_type=\"widget\" data-e-type=\"widget\" data-widget_type=\"heading.default\">\n\t\t\t\t<div class=\"elementor-widget-container\">\n\t\t\t\t\t<h2 class=\"elementor-heading-title elementor-size-default\">Our Production Factories<\/h2>\t\t\t\t<\/div>\n\t\t\t\t<\/div>\n\t\t\t\t<div class=\"elementor-element elementor-element-3ca9db9 elementor-widget elementor-widget-text-editor\" data-id=\"3ca9db9\" data-element_type=\"widget\" data-e-type=\"widget\" data-widget_type=\"text-editor.default\">\n\t\t\t\t<div class=\"elementor-widget-container\">\n\t\t\t\t\t\t\t\t\t<p>OSB Mah, 109. Sokak No: 3\/1, 52400 Fatsa\/Ordu, T\u00fcrkiye<\/p>\t\t\t\t\t\t\t\t<\/div>\n\t\t\t\t<\/div>\n\t\t\t\t<div class=\"elementor-element elementor-element-f75f6ba elementor-widget elementor-widget-google_maps\" data-id=\"f75f6ba\" data-element_type=\"widget\" data-e-type=\"widget\" data-widget_type=\"google_maps.default\">\n\t\t\t\t<div class=\"elementor-widget-container\">\n\t\t\t\t\t\t\t<div class=\"elementor-custom-embed\">\n\t\t\t<iframe loading=\"lazy\"\n\t\t\t\t\tsrc=\"https:\/\/maps.google.com\/maps?q=Fatsa%20OSB%20Mh.%20109.%20Sk.%20No%3A3%2F1%20-%2052400%20Fatsa%20%2F%20Ordu%C2%A0%2F%C2%A0T%C3%BCrkiye&#038;t=m&#038;z=10&#038;output=embed&#038;iwloc=near\"\n\t\t\t\t\ttitle=\"Fatsa OSB Mh. 109. Sk. No:3\/1 - 52400 Fatsa \/ Ordu\u00a0\/\u00a0T\u00fcrkiye\"\n\t\t\t\t\taria-label=\"Fatsa OSB Mh. 109. Sk. No:3\/1 - 52400 Fatsa \/ Ordu\u00a0\/\u00a0T\u00fcrkiye\"\n\t\t\t><\/iframe>\n\t\t<\/div>\n\t\t\t\t\t\t<\/div>\n\t\t\t\t<\/div>\n\t\t\t\t\t<\/div>\n\t\t<\/div>\n\t\t\t\t\t<\/div>\n\t\t<\/section>\n\t\t\t\t\t<\/div>\n\t\t<\/div>\n\t\t\t\t\t<\/div>\n\t\t<\/section>\n\t\t\t\t<\/div>\n\t\t","protected":false},"excerpt":{"rendered":"<p>Email info@petsanbentonit.com Call Centre +90 452 423 76 66 Address Fatsa OSB Mh. 109. Sk. No:3\/1 &#8211; 52400 Fatsa \/ Ordu \/ T\u00fcrkiye Department First Name and Surname Email Corporate Mail Phone Domestic Sales Manager Adil KARAMUSTAFA adil@petsanbentonit.com info@petsanbentonit.com WhatsApp International Sales Manager Zekiye KAYI\u015eO\u011eLU z.kayisoglu@petsanbentonit.com info@petsanbentonit.com WhatsApp International Sales Manager Y\u0131lmaz SARIHAN yilmaz@petsanbentonit.com info@petsanbentonit.com [&hellip;]<\/p>\n","protected":false},"author":1,"featured_media":0,"parent":0,"menu_order":0,"comment_status":"closed","ping_status":"closed","template":"elementor_header_footer","meta":{"_themeisle_gutenberg_block_has_review":false,"footnotes":""},"class_list":["post-12088","page","type-page","status-publish","hentry"],"_links":{"self":[{"href":"https:\/\/www.petsanbentonit.com\/en\/wp-json\/wp\/v2\/pages\/12088","targetHints":{"allow":["GET"]}}],"collection":[{"href":"https:\/\/www.petsanbentonit.com\/en\/wp-json\/wp\/v2\/pages"}],"about":[{"href":"https:\/\/www.petsanbentonit.com\/en\/wp-json\/wp\/v2\/types\/page"}],"author":[{"embeddable":true,"href":"https:\/\/www.petsanbentonit.com\/en\/wp-json\/wp\/v2\/users\/1"}],"replies":[{"embeddable":true,"href":"https:\/\/www.petsanbentonit.com\/en\/wp-json\/wp\/v2\/comments?post=12088"}],"version-history":[{"count":0,"href":"https:\/\/www.petsanbentonit.com\/en\/wp-json\/wp\/v2\/pages\/12088\/revisions"}],"wp:attachment":[{"href":"https:\/\/www.petsanbentonit.com\/en\/wp-json\/wp\/v2\/media?parent=12088"}],"curies":[{"name":"wp","href":"https:\/\/api.w.org\/{rel}","templated":true}]}}